{"id":1211,"date":"2018-05-21T18:11:42","date_gmt":"2018-05-21T16:11:42","guid":{"rendered":"http:\/\/www.flypat.ch\/?page_id=1211"},"modified":"2018-05-21T18:11:42","modified_gmt":"2018-05-21T16:11:42","slug":"fly-idee","status":"publish","type":"page","link":"https:\/\/flypat.ch\/?page_id=1211","title":{"rendered":"FLY-Idee"},"content":{"rendered":"<p><span style=\"color: #ff6600;\">Flypat Ideen:<\/span><\/p>\n<p><span style=\"color: #ff6600;\">Hier folgt bald mehr. Einer meiner Idee ist, hier zu notieren, welche (Business)Ideen ich habe und hatte. Einfach so, dass wenn &#8222;meine&#8220; Ideen mal umgesetzt werden ich sagen kann: Dies (das) hatte ich schon am Tag X vermutet, dass es ein Kassenschlager sein k\u00f6nnte.<\/span><\/p>\n<p><span style=\"color: #ff6600;\">30.08.2016\u00a0<strong>Spray gegen Spinnweben<\/strong>\u00a9 \u00ae<\/span><br \/>\n<span style=\"color: #ff6600;\">Im oder am Haus hat es eine Spinnwebe oder einen Spinnfaden. Es sollte nun doch einfacher gehen, als das ganze Putzequiment daf\u00fcr hervor zu holen. Und oft sind diese Spinnenprodukte an schwer zug\u00e4nglichen Orten.<\/span><br \/>\n<span style=\"color: #ff6600;\">Also gibt es einen Spray &#8211; man sprayt in die Richtung der Weben\/des Fadens und zur\u00fcck bleiben h\u00f6chstens ganz leichte Spr\u00fchtropfen. Es darf nicht mehr als etwa die St\u00e4rke von Nebel haben.<\/span><\/p>\n<p><span style=\"color: #ff6600;\">01.09.2016\u00a0<strong>Koffer zeigt immer an, wie schwer er ist<\/strong>\u00a9 \u00ae<\/span><br \/>\n<span style=\"color: #ff6600;\">OHNE ein Zusatzger\u00e4t. Der Koffer zeigt digital an, wie schwer er ist. Dies muss so pr\u00e4zise sein, dass wenn der Koffer am Flughafen auf die Wage gelegt wird, die Abweichung kleiner als 200g ist.<\/span><\/p>\n<p><span style=\"color: #ff6600;\">22.09.2016\u00a0<strong>Master Login<\/strong>\u00a9 \u00ae<\/span><br \/>\n<span style=\"color: #ff6600;\">F\u00fcr fast alles gibt oder besser: braucht es heut zu Tage ein Login. Von Arzt bis Zoo&#8230; Ein Tool (webbasierend aber auch offline) stellt den Hauptzutritt sicher. Ist man im Master Tool angemeldet gelangt man durch einen Klick auf zB Krankenkasse auf das entsprechende Portal &#8211; ohne weitere Anmeldung\/Authentifizierung.<\/span><\/p>\n<p><span style=\"color: #ff6600;\">05.10.2016\u00a0<strong>Zweimal trocken<\/strong>\u00a9 \u00ae<\/span><br \/>\n<span style=\"color: #ff6600;\">Ich mag es nicht wenn ich nach dem Baden ein nasses Badetuch habe. Daher meine Idee: Ein Badetuch, welches auf den ersten Blick ganz normal aussieht. Aber zwischen den beiden Stoffseiten ist eine\u00a0Isolierschicht wie man sie z. bsp. von Picknick Decken kennt, eingen\u00e4ht. So wird sichergestellt, dass das Badetuch nur auf einer Seite nass wird wenn man sich nass darauf legt. Die Unterseite bleibt trocken.Wenn ich erneut ins Wasser gehe und wieder nass bin, habe ich mit der anderen Seite ein trockenes Tuch zur Verf\u00fcgung.<\/span><\/p>\n<p><span style=\"color: #ff6600;\">21.10.2016\u00a0<strong>Cornflakes ohne Zucker<\/strong>\u00a9 \u00ae<\/span><br \/>\n<span style=\"color: #ff6600;\">All die feinen und bekannten Cornflakes sind nur dank des Zuckers &#8222;beliebt&#8220;. Es m\u00fcsste doch m\u00f6glich sein, die Cornflakes zB mit Stevia zu s\u00fcssen. Hier verweise ich auf Evolva.<\/span><\/p>\n<p><span style=\"color: #ff6600;\">03.11.2016\u00a0<strong>Beamen (Reisen)<\/strong>\u00a0\u00a9 \u00ae<\/span><br \/>\n<span style=\"color: #ff6600;\">Von Sydney nach Z\u00fcrich zu fliegen vertreibt all die sch\u00f6nen Ferienmomente. Bitte vorw\u00e4rts machen mit der Beamtechnologie. Gebeamt wird nur von Flughafen zu Flughafen. Online meldet man sich daf\u00fcr an. Das Zielland genehmigt die &#8222;Einreise&#8220;. Man muss zur angegebenen Zeit am Flughafen Vorort sein &#8211; 10:23 und ist 10:24 am Zielort. Handgep\u00e4ck wird mitgebeamt. Mehr Gep\u00e4ck wird im Vorfeld von der Post (CHF 50.00 ganze Schweiz) abgeholt und konventionell mit dem Flugzeug bef\u00f6rdert. So hat die Post, die Flughafenbetreiber und die Fluggesellschaften weiterhin zu tun. F\u00fcr einen Beam bezahlt man 500. 250 in der W\u00e4hrung des Startlandes und 250 in der W\u00e4hrung des Ziellandes. Die zu beamende Person bestimmt, wie weit. Wenn es jemanden Spass macht, kann von ZRH nach BER gebeamt werden &#8211; oder auch von SYD nach LAX. Es bleibt sich gleich.<\/span><\/p>\n<p><span style=\"color: #ff6600;\">Spricht Dich eine Idee an &#8211; dann hoffentlich darum, weil Du etwas dazu beitragen kannst. Nimm Kontakt (notfalls via der unteren Kommentarfunktion) zu mir auf.<\/span><\/p>\n","protected":false},"excerpt":{"rendered":"<p>Flypat Ideen: Hier folgt bald mehr. Einer meiner Idee ist, hier zu notieren, welche (Business)Ideen ich habe und hatte. Einfach so, dass wenn &#8222;meine&#8220; Ideen mal umgesetzt werden ich sagen kann: Dies (das) hatte ich schon am Tag X vermutet, dass es ein Kassenschlager sein k\u00f6nnte. 30.08.2016\u00a0Spray gegen Spinnweben\u00a9 \u00ae Im oder am Haus hat [&hellip;]<\/p>\n","protected":false},"author":1,"featured_media":0,"parent":0,"menu_order":0,"comment_status":"closed","ping_status":"closed","template":"","meta":[],"_links":{"self":[{"href":"https:\/\/flypat.ch\/index.php?rest_route=\/wp\/v2\/pages\/1211"}],"collection":[{"href":"https:\/\/flypat.ch\/index.php?rest_route=\/wp\/v2\/pages"}],"about":[{"href":"https:\/\/flypat.ch\/index.php?rest_route=\/wp\/v2\/types\/page"}],"author":[{"embeddable":true,"href":"https:\/\/flypat.ch\/index.php?rest_route=\/wp\/v2\/users\/1"}],"replies":[{"embeddable":true,"href":"https:\/\/flypat.ch\/index.php?rest_route=%2Fwp%2Fv2%2Fcomments&post=1211"}],"version-history":[{"count":1,"href":"https:\/\/flypat.ch\/index.php?rest_route=\/wp\/v2\/pages\/1211\/revisions"}],"predecessor-version":[{"id":1212,"href":"https:\/\/flypat.ch\/index.php?rest_route=\/wp\/v2\/pages\/1211\/revisions\/1212"}],"wp:attachment":[{"href":"https:\/\/flypat.ch\/index.php?rest_route=%2Fwp%2Fv2%2Fmedia&parent=1211"}],"curies":[{"name":"wp","href":"https:\/\/api.w.org\/{rel}","templated":true}]}}